{"id":267,"date":"2024-03-07T09:45:05","date_gmt":"2024-03-07T09:45:05","guid":{"rendered":"https:\/\/napolni.eu\/?post_type=product&#038;p=267"},"modified":"2024-09-26T06:47:09","modified_gmt":"2024-09-26T05:47:09","slug":"stenski-polnilec-11kw","status":"publish","type":"product","link":"https:\/\/plugncharge.eu\/sl\/izdelek\/stenski-polnilec-11kw\/","title":{"rendered":"Stenski polnilec 11kW"},"content":{"rendered":"<p><strong>Stenski polnilec za elektri\u010dne avtomobile<\/strong><\/p>\n<ul>\n<li>Trifazni priklop<\/li>\n<li>Tip 2 konektor<\/li>\n<li>Tok 8A-16A nastavljivo<\/li>\n<li>LCD zaslon<\/li>\n<li>WiFi in Bluetooth povezljivost<\/li>\n<li>Upravljanje z aplikacijo<\/li>\n<li>Rezervacija \u010dasa<\/li>\n<li>RFID kartica<\/li>\n<\/ul>\n<p>Dol\u017eina polnilnega kabla: 5m<\/p>\n<p><strong>Za\u0161\u010dite:<\/strong><\/p>\n<ul>\n<li>Za\u0161\u010dita pred uhajanjem toka<\/li>\n<li>Za\u0161\u010dita pred prevelikim tokom<\/li>\n<li>Prenapetostna za\u0161\u010dita<\/li>\n<li>Za\u0161\u010dita pred nihanjem napetosti<\/li>\n<li>Temperaturna za\u0161\u010dita<\/li>\n<\/ul>\n<p><strong>Okoljski pogoji:<\/strong><\/p>\n<ul>\n<li>Stopnja za\u0161\u010dite IP65<\/li>\n<li>Delovna temperatura: -30\u00b0C &#8211; 50\u00b0C<\/li>\n<li>Relativna vla\u017enost okolja: 5% &#8211; 95% brez kondenzacije<\/li>\n<li>Hlajenje: zra\u010dno hlajenje<\/li>\n<\/ul>\n<p><strong>Uporabni\u0161ki vmesnik:<\/strong><\/p>\n<ul>\n<li>Velik barvni LCD zaslon<\/li>\n<li>Gumb za izbiro polnilnega toka<\/li>\n<li>Gumb za izbiro \u010dasovnih nastavitev<\/li>\n<li>Gumb za zasilni izklop<\/li>\n<li>\u010citalec RFID kartic<\/li>\n<\/ul>\n<p><strong>Upravljanje s pomo\u010djo aplikacije:<\/strong><\/p>\n<ul>\n<li>WiFi in Bluetooth vmesnik<\/li>\n<li>Upravljanje s pomo\u010djo aplikacije na pametnem telefonu<\/li>\n<\/ul>\n<p>&nbsp;<\/p>\n","protected":false},"excerpt":{"rendered":"<p>Stenski polnilec za elektri\u010dne avtomobile s polnilno mo\u010djo 11kW. Zanesljivo delovanje, dolga \u017eivljenjska doba. Varuje va\u0161 avtomobil med polnenjem.<\/p>\n","protected":false},"featured_media":1136,"comment_status":"open","ping_status":"closed","template":"","meta":[],"product_cat":[27],"product_tag":[],"class_list":{"0":"post-267","1":"product","2":"type-product","3":"status-publish","4":"has-post-thumbnail","6":"product_cat-stenski-polnilci","8":"first","9":"instock","10":"taxable","11":"shipping-taxable","12":"purchasable","13":"product-type-simple"},"yoast_head":"<!-- This site is optimized with the Yoast SEO plugin v22.4 - https:\/\/yoast.com\/wordpress\/plugins\/seo\/ -->\n<title>Stenski polnilec 11kW - plugncharge.eu<\/title>\n<meta name=\"description\" content=\"Stenski polnilec za elektri\u010dne avte s polnilno mo\u010djo 11kW. Tokovna in napetostna za\u0161\u010dita. Velik LCD zaslon za prikaz nastavitev in parametrov.\" \/>\n<meta name=\"robots\" content=\"index, follow, max-snippet:-1, max-image-preview:large, max-video-preview:-1\" \/>\n<link rel=\"canonical\" href=\"https:\/\/plugncharge.eu\/sl\/izdelek\/stenski-polnilec-11kw\/\" \/>\n<meta property=\"og:locale\" content=\"sl_SI\" \/>\n<meta property=\"og:type\" content=\"article\" \/>\n<meta property=\"og:title\" content=\"Stenski polnilec 11kW - plugncharge.eu\" \/>\n<meta property=\"og:description\" content=\"Stenski polnilec za elektri\u010dne avte s polnilno mo\u010djo 11kW. Tokovna in napetostna za\u0161\u010dita. Velik LCD zaslon za prikaz nastavitev in parametrov.\" \/>\n<meta property=\"og:url\" content=\"https:\/\/plugncharge.eu\/sl\/izdelek\/stenski-polnilec-11kw\/\" \/>\n<meta property=\"og:site_name\" content=\"plugncharge.eu\" \/>\n<meta property=\"article:modified_time\" content=\"2024-09-26T05:47:09+00:00\" \/>\n<meta property=\"og:image\" content=\"https:\/\/plugncharge.eu\/wp-content\/uploads\/2024\/03\/plug-n-charge-wall-03.webp\" \/>\n\t<meta property=\"og:image:width\" content=\"908\" \/>\n\t<meta property=\"og:image:height\" content=\"908\" \/>\n\t<meta property=\"og:image:type\" content=\"image\/webp\" \/>\n<meta name=\"twitter:card\" content=\"summary_large_image\" \/>\n<meta name=\"twitter:label1\" content=\"Est. reading time\" \/>\n\t<meta name=\"twitter:data1\" content=\"1 minuta\" \/>\n<script type=\"application\/ld+json\" class=\"yoast-schema-graph\">{\"@context\":\"https:\/\/schema.org\",\"@graph\":[{\"@type\":\"WebPage\",\"@id\":\"https:\/\/plugncharge.eu\/sl\/izdelek\/stenski-polnilec-11kw\/\",\"url\":\"https:\/\/plugncharge.eu\/sl\/izdelek\/stenski-polnilec-11kw\/\",\"name\":\"Stenski polnilec 11kW - plugncharge.eu\",\"isPartOf\":{\"@id\":\"https:\/\/plugncharge.eu\/sl\/#website\"},\"primaryImageOfPage\":{\"@id\":\"https:\/\/plugncharge.eu\/sl\/izdelek\/stenski-polnilec-11kw\/#primaryimage\"},\"image\":{\"@id\":\"https:\/\/plugncharge.eu\/sl\/izdelek\/stenski-polnilec-11kw\/#primaryimage\"},\"thumbnailUrl\":\"https:\/\/plugncharge.eu\/wp-content\/uploads\/2024\/03\/plug-n-charge-wall-03.webp\",\"datePublished\":\"2024-03-07T09:45:05+00:00\",\"dateModified\":\"2024-09-26T05:47:09+00:00\",\"description\":\"Stenski polnilec za elektri\u010dne avte s polnilno mo\u010djo 11kW. Tokovna in napetostna za\u0161\u010dita. Velik LCD zaslon za prikaz nastavitev in parametrov.\",\"breadcrumb\":{\"@id\":\"https:\/\/plugncharge.eu\/sl\/izdelek\/stenski-polnilec-11kw\/#breadcrumb\"},\"inLanguage\":\"sl-SI\",\"potentialAction\":[{\"@type\":\"ReadAction\",\"target\":[\"https:\/\/plugncharge.eu\/sl\/izdelek\/stenski-polnilec-11kw\/\"]}]},{\"@type\":\"ImageObject\",\"inLanguage\":\"sl-SI\",\"@id\":\"https:\/\/plugncharge.eu\/sl\/izdelek\/stenski-polnilec-11kw\/#primaryimage\",\"url\":\"https:\/\/plugncharge.eu\/wp-content\/uploads\/2024\/03\/plug-n-charge-wall-03.webp\",\"contentUrl\":\"https:\/\/plugncharge.eu\/wp-content\/uploads\/2024\/03\/plug-n-charge-wall-03.webp\",\"width\":908,\"height\":908},{\"@type\":\"BreadcrumbList\",\"@id\":\"https:\/\/plugncharge.eu\/sl\/izdelek\/stenski-polnilec-11kw\/#breadcrumb\",\"itemListElement\":[{\"@type\":\"ListItem\",\"position\":1,\"name\":\"Home\",\"item\":\"https:\/\/plugncharge.eu\/sl\/\"},{\"@type\":\"ListItem\",\"position\":2,\"name\":\"Trgovina\",\"item\":\"https:\/\/plugncharge.eu\/sl\/trgovina-old\/\"},{\"@type\":\"ListItem\",\"position\":3,\"name\":\"Stenski polnilec 11kW\"}]},{\"@type\":\"WebSite\",\"@id\":\"https:\/\/plugncharge.eu\/sl\/#website\",\"url\":\"https:\/\/plugncharge.eu\/sl\/\",\"name\":\"napolni.eu\",\"description\":\"\",\"publisher\":{\"@id\":\"https:\/\/plugncharge.eu\/sl\/#organization\"},\"potentialAction\":[{\"@type\":\"SearchAction\",\"target\":{\"@type\":\"EntryPoint\",\"urlTemplate\":\"https:\/\/plugncharge.eu\/sl\/?s={search_term_string}\"},\"query-input\":\"required name=search_term_string\"}],\"inLanguage\":\"sl-SI\"},{\"@type\":\"Organization\",\"@id\":\"https:\/\/plugncharge.eu\/sl\/#organization\",\"name\":\"PSE d.o.o.\",\"url\":\"https:\/\/plugncharge.eu\/sl\/\",\"logo\":{\"@type\":\"ImageObject\",\"inLanguage\":\"sl-SI\",\"@id\":\"https:\/\/plugncharge.eu\/sl\/#\/schema\/logo\/image\/\",\"url\":\"https:\/\/plugncharge.eu\/wp-content\/uploads\/2024\/03\/plugncharge-logo-h-350px.png\",\"contentUrl\":\"https:\/\/plugncharge.eu\/wp-content\/uploads\/2024\/03\/plugncharge-logo-h-350px.png\",\"width\":350,\"height\":100,\"caption\":\"PSE d.o.o.\"},\"image\":{\"@id\":\"https:\/\/plugncharge.eu\/sl\/#\/schema\/logo\/image\/\"},\"sameAs\":[\"https:\/\/si.linkedin.com\/company\/pse-poslovne-komunikacije-d-o-o-\"]}]}<\/script>\n<!-- \/ Yoast SEO plugin. -->","yoast_head_json":{"title":"Stenski polnilec 11kW - plugncharge.eu","description":"Stenski polnilec za elektri\u010dne avte s polnilno mo\u010djo 11kW. Tokovna in napetostna za\u0161\u010dita. Velik LCD zaslon za prikaz nastavitev in parametrov.","robots":{"index":"index","follow":"follow","max-snippet":"max-snippet:-1","max-image-preview":"max-image-preview:large","max-video-preview":"max-video-preview:-1"},"canonical":"https:\/\/plugncharge.eu\/sl\/izdelek\/stenski-polnilec-11kw\/","og_locale":"sl_SI","og_type":"article","og_title":"Stenski polnilec 11kW - plugncharge.eu","og_description":"Stenski polnilec za elektri\u010dne avte s polnilno mo\u010djo 11kW. Tokovna in napetostna za\u0161\u010dita. Velik LCD zaslon za prikaz nastavitev in parametrov.","og_url":"https:\/\/plugncharge.eu\/sl\/izdelek\/stenski-polnilec-11kw\/","og_site_name":"plugncharge.eu","article_modified_time":"2024-09-26T05:47:09+00:00","og_image":[{"width":908,"height":908,"url":"https:\/\/plugncharge.eu\/wp-content\/uploads\/2024\/03\/plug-n-charge-wall-03.webp","type":"image\/webp"}],"twitter_card":"summary_large_image","twitter_misc":{"Est. reading time":"1 minuta"},"schema":{"@context":"https:\/\/schema.org","@graph":[{"@type":"WebPage","@id":"https:\/\/plugncharge.eu\/sl\/izdelek\/stenski-polnilec-11kw\/","url":"https:\/\/plugncharge.eu\/sl\/izdelek\/stenski-polnilec-11kw\/","name":"Stenski polnilec 11kW - plugncharge.eu","isPartOf":{"@id":"https:\/\/plugncharge.eu\/sl\/#website"},"primaryImageOfPage":{"@id":"https:\/\/plugncharge.eu\/sl\/izdelek\/stenski-polnilec-11kw\/#primaryimage"},"image":{"@id":"https:\/\/plugncharge.eu\/sl\/izdelek\/stenski-polnilec-11kw\/#primaryimage"},"thumbnailUrl":"https:\/\/plugncharge.eu\/wp-content\/uploads\/2024\/03\/plug-n-charge-wall-03.webp","datePublished":"2024-03-07T09:45:05+00:00","dateModified":"2024-09-26T05:47:09+00:00","description":"Stenski polnilec za elektri\u010dne avte s polnilno mo\u010djo 11kW. Tokovna in napetostna za\u0161\u010dita. Velik LCD zaslon za prikaz nastavitev in parametrov.","breadcrumb":{"@id":"https:\/\/plugncharge.eu\/sl\/izdelek\/stenski-polnilec-11kw\/#breadcrumb"},"inLanguage":"sl-SI","potentialAction":[{"@type":"ReadAction","target":["https:\/\/plugncharge.eu\/sl\/izdelek\/stenski-polnilec-11kw\/"]}]},{"@type":"ImageObject","inLanguage":"sl-SI","@id":"https:\/\/plugncharge.eu\/sl\/izdelek\/stenski-polnilec-11kw\/#primaryimage","url":"https:\/\/plugncharge.eu\/wp-content\/uploads\/2024\/03\/plug-n-charge-wall-03.webp","contentUrl":"https:\/\/plugncharge.eu\/wp-content\/uploads\/2024\/03\/plug-n-charge-wall-03.webp","width":908,"height":908},{"@type":"BreadcrumbList","@id":"https:\/\/plugncharge.eu\/sl\/izdelek\/stenski-polnilec-11kw\/#breadcrumb","itemListElement":[{"@type":"ListItem","position":1,"name":"Home","item":"https:\/\/plugncharge.eu\/sl\/"},{"@type":"ListItem","position":2,"name":"Trgovina","item":"https:\/\/plugncharge.eu\/sl\/trgovina-old\/"},{"@type":"ListItem","position":3,"name":"Stenski polnilec 11kW"}]},{"@type":"WebSite","@id":"https:\/\/plugncharge.eu\/sl\/#website","url":"https:\/\/plugncharge.eu\/sl\/","name":"napolni.eu","description":"","publisher":{"@id":"https:\/\/plugncharge.eu\/sl\/#organization"},"potentialAction":[{"@type":"SearchAction","target":{"@type":"EntryPoint","urlTemplate":"https:\/\/plugncharge.eu\/sl\/?s={search_term_string}"},"query-input":"required name=search_term_string"}],"inLanguage":"sl-SI"},{"@type":"Organization","@id":"https:\/\/plugncharge.eu\/sl\/#organization","name":"PSE d.o.o.","url":"https:\/\/plugncharge.eu\/sl\/","logo":{"@type":"ImageObject","inLanguage":"sl-SI","@id":"https:\/\/plugncharge.eu\/sl\/#\/schema\/logo\/image\/","url":"https:\/\/plugncharge.eu\/wp-content\/uploads\/2024\/03\/plugncharge-logo-h-350px.png","contentUrl":"https:\/\/plugncharge.eu\/wp-content\/uploads\/2024\/03\/plugncharge-logo-h-350px.png","width":350,"height":100,"caption":"PSE d.o.o."},"image":{"@id":"https:\/\/plugncharge.eu\/sl\/#\/schema\/logo\/image\/"},"sameAs":["https:\/\/si.linkedin.com\/company\/pse-poslovne-komunikacije-d-o-o-"]}]}},"jetpack_sharing_enabled":true,"_links":{"self":[{"href":"https:\/\/plugncharge.eu\/sl\/wp-json\/wp\/v2\/product\/267","targetHints":{"allow":["GET"]}}],"collection":[{"href":"https:\/\/plugncharge.eu\/sl\/wp-json\/wp\/v2\/product"}],"about":[{"href":"https:\/\/plugncharge.eu\/sl\/wp-json\/wp\/v2\/types\/product"}],"replies":[{"embeddable":true,"href":"https:\/\/plugncharge.eu\/sl\/wp-json\/wp\/v2\/comments?post=267"}],"wp:featuredmedia":[{"embeddable":true,"href":"https:\/\/plugncharge.eu\/sl\/wp-json\/wp\/v2\/media\/1136"}],"wp:attachment":[{"href":"https:\/\/plugncharge.eu\/sl\/wp-json\/wp\/v2\/media?parent=267"}],"wp:term":[{"taxonomy":"product_cat","embeddable":true,"href":"https:\/\/plugncharge.eu\/sl\/wp-json\/wp\/v2\/product_cat?post=267"},{"taxonomy":"product_tag","embeddable":true,"href":"https:\/\/plugncharge.eu\/sl\/wp-json\/wp\/v2\/product_tag?post=267"}],"curies":[{"name":"wp","href":"https:\/\/api.w.org\/{rel}","templated":true}]}}