{"id":479,"date":"2024-03-06T11:58:26","date_gmt":"2024-03-06T10:58:26","guid":{"rendered":"https:\/\/plugncharge.eu\/my-account\/"},"modified":"2024-04-17T09:07:07","modified_gmt":"2024-04-17T08:07:07","slug":"moj-racun","status":"publish","type":"page","link":"https:\/\/plugncharge.eu\/sl\/moj-racun\/","title":{"rendered":"Moj ra\u010dun"},"content":{"rendered":"\t\t<div data-elementor-type=\"wp-page\" data-elementor-id=\"479\" class=\"elementor elementor-479 elementor-163\" data-elementor-post-type=\"page\">\n\t\t\t\t\t\t<section class=\"elementor-section elementor-top-section elementor-element elementor-element-20a82d11 elementor-section-height-min-height elementor-section-content-middle elementor-section-boxed elementor-section-height-default elementor-section-items-middle\" data-id=\"20a82d11\" data-element_type=\"section\" data-settings=\"{&quot;background_background&quot;:&quot;classic&quot;}\">\n\t\t\t\t\t\t\t<div class=\"elementor-background-overlay\"><\/div>\n\t\t\t\t\t\t\t<div class=\"elementor-container elementor-column-gap-no\">\n\t\t\t\t\t<div class=\"elementor-column elementor-col-100 elementor-top-column elementor-element elementor-element-7656c2f3\" data-id=\"7656c2f3\" data-element_type=\"column\" data-settings=\"{&quot;background_background&quot;:&quot;classic&quot;}\">\n\t\t\t<div class=\"elementor-widget-wrap elementor-element-populated\">\n\t\t\t\t\t\t<div class=\"elementor-element elementor-element-70d53b68 elementor-widget elementor-widget-heading\" data-id=\"70d53b68\" data-element_type=\"widget\" data-widget_type=\"heading.default\">\n\t\t\t\t<div class=\"elementor-widget-container\">\n\t\t\t<h1 class=\"elementor-heading-title elementor-size-default\">Moj ra\u010dun<\/h1>\t\t<\/div>\n\t\t\t\t<\/div>\n\t\t\t\t\t<\/div>\n\t\t<\/div>\n\t\t\t\t\t<\/div>\n\t\t<\/section>\n\t\t\t\t<section class=\"elementor-section elementor-top-section elementor-element elementor-element-7003311b elementor-section-boxed elementor-section-height-default elementor-section-height-default\" data-id=\"7003311b\" data-element_type=\"section\">\n\t\t\t\t\t\t<div class=\"elementor-container elementor-column-gap-no\">\n\t\t\t\t\t<div class=\"elementor-column elementor-col-100 elementor-top-column elementor-element elementor-element-25944942\" data-id=\"25944942\" data-element_type=\"column\">\n\t\t\t<div class=\"elementor-widget-wrap elementor-element-populated\">\n\t\t\t\t\t\t<div class=\"elementor-element elementor-element-21145d12 e-my-account-tabs-horizontal elementor-widget elementor-widget-woocommerce-my-account\" data-id=\"21145d12\" data-element_type=\"widget\" data-widget_type=\"woocommerce-my-account.default\">\n\t\t\t\t<div class=\"elementor-widget-container\">\n\t\t\t<div class=\"e-my-account-tab e-my-account-tab__ \">\t\t\t<div class=\"woocommerce\"><\/div>\t\t<\/div>\n\t\t\t\t<\/div>\n\t\t\t\t<\/div>\n\t\t\t\t\t<\/div>\n\t\t<\/div>\n\t\t\t\t\t<\/div>\n\t\t<\/section>\n\t\t\t\t<\/div>\n\t\t","protected":false},"excerpt":{"rendered":"<p>Moj ra\u010dun Nadzorna plo\u0161\u010da Naro\u010dila Prenosi Naslovi Na\u010dini pla\u010dila Podrobnosti Odjava Nadzorna plo\u0161\u010da Naro\u010dila Prenosi Naslovi Na\u010dini pla\u010dila Podrobnosti Odjava Nadzorna plo\u0161\u010da Naro\u010dila Prenosi Naslovi Na\u010dini pla\u010dila Podrobnosti Odjava Nadzorna plo\u0161\u010da Naro\u010dila Prenosi Naslovi Na\u010dini pla\u010dila Podrobnosti Odjava \u017divijo admin@PSE (niste admin@PSE? Odjava) V va\u0161i nadzorni plo\u0161\u010di ra\u010duna si lahko ogledate nedavna naro\u010dila, upravljate va\u0161e [&hellip;]<\/p>\n","protected":false},"author":1,"featured_media":0,"parent":0,"menu_order":0,"comment_status":"closed","ping_status":"closed","template":"","meta":{"footnotes":""},"class_list":["post-479","page","type-page","status-publish","hentry"],"yoast_head":"<!-- This site is optimized with the Yoast SEO plugin v22.4 - https:\/\/yoast.com\/wordpress\/plugins\/seo\/ -->\n<title>Moj ra\u010dun - plugncharge.eu<\/title>\n<meta name=\"robots\" content=\"index, follow, max-snippet:-1, max-image-preview:large, max-video-preview:-1\" \/>\n<link rel=\"canonical\" href=\"https:\/\/plugncharge.eu\/sl\/moj-racun\/\" \/>\n<meta property=\"og:locale\" content=\"sl_SI\" \/>\n<meta property=\"og:type\" content=\"article\" \/>\n<meta property=\"og:title\" content=\"Moj ra\u010dun - plugncharge.eu\" \/>\n<meta property=\"og:description\" content=\"Moj ra\u010dun Nadzorna plo\u0161\u010da Naro\u010dila Prenosi Naslovi Na\u010dini pla\u010dila Podrobnosti Odjava Nadzorna plo\u0161\u010da Naro\u010dila Prenosi Naslovi Na\u010dini pla\u010dila Podrobnosti Odjava Nadzorna plo\u0161\u010da Naro\u010dila Prenosi Naslovi Na\u010dini pla\u010dila Podrobnosti Odjava Nadzorna plo\u0161\u010da Naro\u010dila Prenosi Naslovi Na\u010dini pla\u010dila Podrobnosti Odjava \u017divijo admin@PSE (niste admin@PSE? Odjava) V va\u0161i nadzorni plo\u0161\u010di ra\u010duna si lahko ogledate nedavna naro\u010dila, upravljate va\u0161e [&hellip;]\" \/>\n<meta property=\"og:url\" content=\"https:\/\/plugncharge.eu\/sl\/moj-racun\/\" \/>\n<meta property=\"og:site_name\" content=\"plugncharge.eu\" \/>\n<meta property=\"article:modified_time\" content=\"2024-04-17T08:07:07+00:00\" \/>\n<meta name=\"twitter:card\" content=\"summary_large_image\" \/>\n<meta name=\"twitter:label1\" content=\"Est. reading time\" \/>\n\t<meta name=\"twitter:data1\" content=\"1 minuta\" \/>\n<script type=\"application\/ld+json\" class=\"yoast-schema-graph\">{\"@context\":\"https:\/\/schema.org\",\"@graph\":[{\"@type\":\"WebPage\",\"@id\":\"https:\/\/plugncharge.eu\/sl\/moj-racun\/\",\"url\":\"https:\/\/plugncharge.eu\/sl\/moj-racun\/\",\"name\":\"Moj ra\u010dun - plugncharge.eu\",\"isPartOf\":{\"@id\":\"https:\/\/plugncharge.eu\/sl\/#website\"},\"datePublished\":\"2024-03-06T10:58:26+00:00\",\"dateModified\":\"2024-04-17T08:07:07+00:00\",\"breadcrumb\":{\"@id\":\"https:\/\/plugncharge.eu\/sl\/moj-racun\/#breadcrumb\"},\"inLanguage\":\"sl-SI\",\"potentialAction\":[{\"@type\":\"ReadAction\",\"target\":[\"https:\/\/plugncharge.eu\/sl\/moj-racun\/\"]}]},{\"@type\":\"BreadcrumbList\",\"@id\":\"https:\/\/plugncharge.eu\/sl\/moj-racun\/#breadcrumb\",\"itemListElement\":[{\"@type\":\"ListItem\",\"position\":1,\"name\":\"Home\",\"item\":\"https:\/\/plugncharge.eu\/sl\/\"},{\"@type\":\"ListItem\",\"position\":2,\"name\":\"Moj ra\u010dun\"}]},{\"@type\":\"WebSite\",\"@id\":\"https:\/\/plugncharge.eu\/sl\/#website\",\"url\":\"https:\/\/plugncharge.eu\/sl\/\",\"name\":\"napolni.eu\",\"description\":\"\",\"publisher\":{\"@id\":\"https:\/\/plugncharge.eu\/sl\/#organization\"},\"potentialAction\":[{\"@type\":\"SearchAction\",\"target\":{\"@type\":\"EntryPoint\",\"urlTemplate\":\"https:\/\/plugncharge.eu\/sl\/?s={search_term_string}\"},\"query-input\":\"required name=search_term_string\"}],\"inLanguage\":\"sl-SI\"},{\"@type\":\"Organization\",\"@id\":\"https:\/\/plugncharge.eu\/sl\/#organization\",\"name\":\"PSE d.o.o.\",\"url\":\"https:\/\/plugncharge.eu\/sl\/\",\"logo\":{\"@type\":\"ImageObject\",\"inLanguage\":\"sl-SI\",\"@id\":\"https:\/\/plugncharge.eu\/sl\/#\/schema\/logo\/image\/\",\"url\":\"https:\/\/plugncharge.eu\/wp-content\/uploads\/2024\/03\/plugncharge-logo-h-350px.png\",\"contentUrl\":\"https:\/\/plugncharge.eu\/wp-content\/uploads\/2024\/03\/plugncharge-logo-h-350px.png\",\"width\":350,\"height\":100,\"caption\":\"PSE d.o.o.\"},\"image\":{\"@id\":\"https:\/\/plugncharge.eu\/sl\/#\/schema\/logo\/image\/\"},\"sameAs\":[\"https:\/\/si.linkedin.com\/company\/pse-poslovne-komunikacije-d-o-o-\"]}]}<\/script>\n<!-- \/ Yoast SEO plugin. -->","yoast_head_json":{"title":"Moj ra\u010dun - plugncharge.eu","robots":{"index":"index","follow":"follow","max-snippet":"max-snippet:-1","max-image-preview":"max-image-preview:large","max-video-preview":"max-video-preview:-1"},"canonical":"https:\/\/plugncharge.eu\/sl\/moj-racun\/","og_locale":"sl_SI","og_type":"article","og_title":"Moj ra\u010dun - plugncharge.eu","og_description":"Moj ra\u010dun Nadzorna plo\u0161\u010da Naro\u010dila Prenosi Naslovi Na\u010dini pla\u010dila Podrobnosti Odjava Nadzorna plo\u0161\u010da Naro\u010dila Prenosi Naslovi Na\u010dini pla\u010dila Podrobnosti Odjava Nadzorna plo\u0161\u010da Naro\u010dila Prenosi Naslovi Na\u010dini pla\u010dila Podrobnosti Odjava Nadzorna plo\u0161\u010da Naro\u010dila Prenosi Naslovi Na\u010dini pla\u010dila Podrobnosti Odjava \u017divijo admin@PSE (niste admin@PSE? Odjava) V va\u0161i nadzorni plo\u0161\u010di ra\u010duna si lahko ogledate nedavna naro\u010dila, upravljate va\u0161e [&hellip;]","og_url":"https:\/\/plugncharge.eu\/sl\/moj-racun\/","og_site_name":"plugncharge.eu","article_modified_time":"2024-04-17T08:07:07+00:00","twitter_card":"summary_large_image","twitter_misc":{"Est. reading time":"1 minuta"},"schema":{"@context":"https:\/\/schema.org","@graph":[{"@type":"WebPage","@id":"https:\/\/plugncharge.eu\/sl\/moj-racun\/","url":"https:\/\/plugncharge.eu\/sl\/moj-racun\/","name":"Moj ra\u010dun - plugncharge.eu","isPartOf":{"@id":"https:\/\/plugncharge.eu\/sl\/#website"},"datePublished":"2024-03-06T10:58:26+00:00","dateModified":"2024-04-17T08:07:07+00:00","breadcrumb":{"@id":"https:\/\/plugncharge.eu\/sl\/moj-racun\/#breadcrumb"},"inLanguage":"sl-SI","potentialAction":[{"@type":"ReadAction","target":["https:\/\/plugncharge.eu\/sl\/moj-racun\/"]}]},{"@type":"BreadcrumbList","@id":"https:\/\/plugncharge.eu\/sl\/moj-racun\/#breadcrumb","itemListElement":[{"@type":"ListItem","position":1,"name":"Home","item":"https:\/\/plugncharge.eu\/sl\/"},{"@type":"ListItem","position":2,"name":"Moj ra\u010dun"}]},{"@type":"WebSite","@id":"https:\/\/plugncharge.eu\/sl\/#website","url":"https:\/\/plugncharge.eu\/sl\/","name":"napolni.eu","description":"","publisher":{"@id":"https:\/\/plugncharge.eu\/sl\/#organization"},"potentialAction":[{"@type":"SearchAction","target":{"@type":"EntryPoint","urlTemplate":"https:\/\/plugncharge.eu\/sl\/?s={search_term_string}"},"query-input":"required name=search_term_string"}],"inLanguage":"sl-SI"},{"@type":"Organization","@id":"https:\/\/plugncharge.eu\/sl\/#organization","name":"PSE d.o.o.","url":"https:\/\/plugncharge.eu\/sl\/","logo":{"@type":"ImageObject","inLanguage":"sl-SI","@id":"https:\/\/plugncharge.eu\/sl\/#\/schema\/logo\/image\/","url":"https:\/\/plugncharge.eu\/wp-content\/uploads\/2024\/03\/plugncharge-logo-h-350px.png","contentUrl":"https:\/\/plugncharge.eu\/wp-content\/uploads\/2024\/03\/plugncharge-logo-h-350px.png","width":350,"height":100,"caption":"PSE d.o.o."},"image":{"@id":"https:\/\/plugncharge.eu\/sl\/#\/schema\/logo\/image\/"},"sameAs":["https:\/\/si.linkedin.com\/company\/pse-poslovne-komunikacije-d-o-o-"]}]}},"jetpack_sharing_enabled":true,"_links":{"self":[{"href":"https:\/\/plugncharge.eu\/sl\/wp-json\/wp\/v2\/pages\/479","targetHints":{"allow":["GET"]}}],"collection":[{"href":"https:\/\/plugncharge.eu\/sl\/wp-json\/wp\/v2\/pages"}],"about":[{"href":"https:\/\/plugncharge.eu\/sl\/wp-json\/wp\/v2\/types\/page"}],"author":[{"embeddable":true,"href":"https:\/\/plugncharge.eu\/sl\/wp-json\/wp\/v2\/users\/1"}],"replies":[{"embeddable":true,"href":"https:\/\/plugncharge.eu\/sl\/wp-json\/wp\/v2\/comments?post=479"}],"version-history":[{"count":4,"href":"https:\/\/plugncharge.eu\/sl\/wp-json\/wp\/v2\/pages\/479\/revisions"}],"predecessor-version":[{"id":1102,"href":"https:\/\/plugncharge.eu\/sl\/wp-json\/wp\/v2\/pages\/479\/revisions\/1102"}],"wp:attachment":[{"href":"https:\/\/plugncharge.eu\/sl\/wp-json\/wp\/v2\/media?parent=479"}],"curies":[{"name":"wp","href":"https:\/\/api.w.org\/{rel}","templated":true}]}}